{"id":386,"date":"2025-02-06T10:39:34","date_gmt":"2025-02-06T09:39:34","guid":{"rendered":"https:\/\/vinoshield.texinov.com\/politique-de-confidentialite\/"},"modified":"2025-03-11T10:41:25","modified_gmt":"2025-03-11T09:41:25","slug":"politique-de-confidentialite","status":"publish","type":"page","link":"https:\/\/vinoshield.texinov.com\/fr\/politique-de-confidentialite\/","title":{"rendered":"Gestion des donn\u00e9es personnelles"},"content":{"rendered":"\n<p>Nous assurons un traitement de vos donn\u00e9es \u00e0 caract\u00e8re personnel conforme aux dispositions du r\u00e8glement (UE) 2016\/679 du Parlement europ\u00e9en et du Conseil du 27 avril 2016 (dit RGPD) et \u00e0 la loi n\u00b0 78-17 du 6 janvier 1978 relative \u00e0 l\u2019informatique, aux fichiers et aux libert\u00e9s.<\/p>\n\n\n\n<p>Notre politique de confidentialit\u00e9 s\u2019applique \u00e0 toute personne physique partageant ses donn\u00e9es personnelles directement ou indirectement avec le TEXINOV TECH, en visitant notre site Web, en utilisant nos formulaires de contact et nos autres services. Nous vous expliquons ci-apr\u00e8s comment sont trait\u00e9es vos donn\u00e9es lorsque nous les r\u00e9coltons.<\/p>\n\n\n\n<h2 class=\"wp-block-heading\">Donn\u00e9es personnelles trait\u00e9es<\/h2>\n\n\n\n<p>Les donn\u00e9es personnelles d\u00e9signent les donn\u00e9es qui vous identifient directement ou indirectement en tant que personne physique. Voici la liste des donn\u00e9es personnelles que nous pouvons \u00eatre amen\u00e9s \u00e0 traiter :<\/p>\n\n\n\n<ul class=\"wp-block-list\">\n<li>Vos coordonn\u00e9es, telles que nom, pr\u00e9nom, adresse mail, num\u00e9ro de t\u00e9l\u00e9phone\u00a0;<\/li>\n\n\n\n<li>Vos informations de visite, telles que num\u00e9ro IP, type de p\u00e9riph\u00e9rique et de navigateur, fuseau horaire, situation g\u00e9ographique, pages visit\u00e9es, boutons cliqu\u00e9s, documents t\u00e9l\u00e9charg\u00e9s\u00a0;<\/li>\n\n\n\n<li>Autres informations que vous fournissez \u00e0 travers nos formulaires de contact.<\/li>\n<\/ul>\n\n\n\n<h2 class=\"wp-block-heading\">Ce que nous en faisons<\/h2>\n\n\n\n<p>Nous traitons vos donn\u00e9es personnelles pour les finalit\u00e9s suivantes :<\/p>\n\n\n\n<ul class=\"wp-block-list\">\n<li>Fournir nos services conform\u00e9ment aux conditions applicables,<\/li>\n\n\n\n<li>Administrer la relation d\u2019affaires avec vous, r\u00e9pondre \u00e0 votre demande,<\/li>\n\n\n\n<li>D\u00e9velopper et am\u00e9liorer notre parcours utilisateur.<\/li>\n<\/ul>\n\n\n\n<h2 class=\"wp-block-heading\">Partage avec des tiers et transfert vers les pays tiers<\/h2>\n\n\n\n<p>Nous pouvons partager des donn\u00e9es personnelles avec des tiers aux fins expliqu\u00e9es ci-dessus. Aucune donn\u00e9e n\u2019est toutefois partag\u00e9e \u00e0 des fins de marketing direct en relation avec vous en tant que particulier, mais uniquement avec vous en tant que TEXINOV TECH actuel ou potentiel.<\/p>\n\n\n\n<p>S\u2019il \u00e9tait n\u00e9cessaire de transf\u00e9rer vos donn\u00e9es personnelles dans un pays en dehors de l\u2019EEE, nous devrions pr\u00e9alablement obtenir votre consentement ou veiller \u00e0 ce que le transfert soit l\u00e9gal et s\u00e9curitaire en prenant d\u2019autres dispositions.<\/p>\n\n\n\n<h2 class=\"wp-block-heading\">Vos droits<\/h2>\n\n\n\n<p>Il est de notre obligation de traiter uniquement des \u00e9l\u00e9ments personnels qui soient pr\u00e9cis, pertinents et n\u00e9cessaires, tout en tenant compte de nos finalit\u00e9s l\u00e9gitimes. Il est de votre droit de nous contr\u00f4ler.<\/p>\n\n\n\n<p>Conform\u00e9ment au RGPD et \u00e0 la loi \u00ab Informatique et Libert\u00e9s \u00bb du 6 janvier 1978 modifi\u00e9e, vous disposez d\u2019un droit d\u2019acc\u00e8s (article 15 du RGPD) et de rectification (article 16 du RGPD) des donn\u00e9es vous concernant ainsi que d\u2019un droit \u00e0 demander la limitation du traitement de vos donn\u00e9es (article 18 du RGPD).<\/p>\n\n\n\n<p>Vous pouvez exercer ces droits en transmettant votre demande au responsable de traitement par email \u00e0 vosdonnees AT notrestudio.fr<\/p>\n\n\n\n<p>Pour recevoir gratuitement un extrait des donn\u00e9es personnelles que nous traitons vous concernant, merci d\u2019en faire la demande par courrier sign\u00e9, \u00e0 l\u2019adresse figurant en pied de page.<\/p>\n\n\n\n<p><em>Mise \u00e0 jour&nbsp;: juin 2024<\/em><\/p>\n","protected":false},"excerpt":{"rendered":"<p>Nous assurons un traitement de vos donn\u00e9es \u00e0 caract\u00e8re personnel conforme aux dispositions du r\u00e8glement (UE) 2016\/679 du Parlement europ\u00e9en [&hellip;]<\/p>\n","protected":false},"author":1,"featured_media":73,"parent":0,"menu_order":0,"comment_status":"closed","ping_status":"open","template":"","meta":{"_acf_changed":false,"footnotes":""},"class_list":["post-386","page","type-page","status-publish","has-post-thumbnail","hentry"],"yoast_head":"<!-- This site is optimized with the Yoast SEO plugin v27.5 - https:\/\/yoast.com\/product\/yoast-seo-wordpress\/ -->\n<title>Gestion des donn\u00e9es personnelles - Vinoshield<\/title>\n<meta name=\"robots\" content=\"index, follow, max-snippet:-1, max-image-preview:large, max-video-preview:-1\" \/>\n<link rel=\"canonical\" href=\"https:\/\/vinoshield.texinov.com\/fr\/politique-de-confidentialite\/\" \/>\n<meta property=\"og:locale\" content=\"fr_FR\" \/>\n<meta property=\"og:type\" content=\"article\" \/>\n<meta property=\"og:title\" content=\"Gestion des donn\u00e9es personnelles - Vinoshield\" \/>\n<meta property=\"og:description\" content=\"Nous assurons un traitement de vos donn\u00e9es \u00e0 caract\u00e8re personnel conforme aux dispositions du r\u00e8glement (UE) 2016\/679 du Parlement europ\u00e9en [&hellip;]\" \/>\n<meta property=\"og:url\" content=\"https:\/\/vinoshield.texinov.com\/fr\/politique-de-confidentialite\/\" \/>\n<meta property=\"og:site_name\" content=\"Vinoshield\" \/>\n<meta property=\"article:modified_time\" content=\"2025-03-11T09:41:25+00:00\" \/>\n<meta property=\"og:image\" content=\"https:\/\/vinoshield.texinov.com\/wp-content\/uploads\/2025\/02\/VinoSiheld-Vine-Yield.jpg\" \/>\n\t<meta property=\"og:image:width\" content=\"2000\" \/>\n\t<meta property=\"og:image:height\" content=\"718\" \/>\n\t<meta property=\"og:image:type\" content=\"image\/jpeg\" \/>\n<meta name=\"twitter:card\" content=\"summary_large_image\" \/>\n<meta name=\"twitter:label1\" content=\"Dur\u00e9e de lecture estim\u00e9e\" \/>\n\t<meta name=\"twitter:data1\" content=\"3 minutes\" \/>\n<script type=\"application\/ld+json\" class=\"yoast-schema-graph\">{\"@context\":\"https:\\\/\\\/schema.org\",\"@graph\":[{\"@type\":\"WebPage\",\"@id\":\"https:\\\/\\\/vinoshield.texinov.com\\\/fr\\\/politique-de-confidentialite\\\/\",\"url\":\"https:\\\/\\\/vinoshield.texinov.com\\\/fr\\\/politique-de-confidentialite\\\/\",\"name\":\"Gestion des donn\u00e9es personnelles - Vinoshield\",\"isPartOf\":{\"@id\":\"https:\\\/\\\/vinoshield.texinov.com\\\/fr\\\/#website\"},\"primaryImageOfPage\":{\"@id\":\"https:\\\/\\\/vinoshield.texinov.com\\\/fr\\\/politique-de-confidentialite\\\/#primaryimage\"},\"image\":{\"@id\":\"https:\\\/\\\/vinoshield.texinov.com\\\/fr\\\/politique-de-confidentialite\\\/#primaryimage\"},\"thumbnailUrl\":\"https:\\\/\\\/vinoshield.texinov.com\\\/wp-content\\\/uploads\\\/2025\\\/02\\\/VinoSiheld-Vine-Yield.jpg\",\"datePublished\":\"2025-02-06T09:39:34+00:00\",\"dateModified\":\"2025-03-11T09:41:25+00:00\",\"breadcrumb\":{\"@id\":\"https:\\\/\\\/vinoshield.texinov.com\\\/fr\\\/politique-de-confidentialite\\\/#breadcrumb\"},\"inLanguage\":\"fr-FR\",\"potentialAction\":[{\"@type\":\"ReadAction\",\"target\":[\"https:\\\/\\\/vinoshield.texinov.com\\\/fr\\\/politique-de-confidentialite\\\/\"]}]},{\"@type\":\"ImageObject\",\"inLanguage\":\"fr-FR\",\"@id\":\"https:\\\/\\\/vinoshield.texinov.com\\\/fr\\\/politique-de-confidentialite\\\/#primaryimage\",\"url\":\"https:\\\/\\\/vinoshield.texinov.com\\\/wp-content\\\/uploads\\\/2025\\\/02\\\/VinoSiheld-Vine-Yield.jpg\",\"contentUrl\":\"https:\\\/\\\/vinoshield.texinov.com\\\/wp-content\\\/uploads\\\/2025\\\/02\\\/VinoSiheld-Vine-Yield.jpg\",\"width\":2000,\"height\":718},{\"@type\":\"BreadcrumbList\",\"@id\":\"https:\\\/\\\/vinoshield.texinov.com\\\/fr\\\/politique-de-confidentialite\\\/#breadcrumb\",\"itemListElement\":[{\"@type\":\"ListItem\",\"position\":1,\"name\":\"Accueil\",\"item\":\"https:\\\/\\\/vinoshield.texinov.com\\\/fr\\\/\"},{\"@type\":\"ListItem\",\"position\":2,\"name\":\"Gestion des donn\u00e9es personnelles\"}]},{\"@type\":\"WebSite\",\"@id\":\"https:\\\/\\\/vinoshield.texinov.com\\\/fr\\\/#website\",\"url\":\"https:\\\/\\\/vinoshield.texinov.com\\\/fr\\\/\",\"name\":\"Vinoshield\",\"description\":\"\",\"publisher\":{\"@id\":\"https:\\\/\\\/vinoshield.texinov.com\\\/fr\\\/#organization\"},\"potentialAction\":[{\"@type\":\"SearchAction\",\"target\":{\"@type\":\"EntryPoint\",\"urlTemplate\":\"https:\\\/\\\/vinoshield.texinov.com\\\/fr\\\/?s={search_term_string}\"},\"query-input\":{\"@type\":\"PropertyValueSpecification\",\"valueRequired\":true,\"valueName\":\"search_term_string\"}}],\"inLanguage\":\"fr-FR\"},{\"@type\":\"Organization\",\"@id\":\"https:\\\/\\\/vinoshield.texinov.com\\\/fr\\\/#organization\",\"name\":\"Vinoshield\",\"url\":\"https:\\\/\\\/vinoshield.texinov.com\\\/fr\\\/\",\"logo\":{\"@type\":\"ImageObject\",\"inLanguage\":\"fr-FR\",\"@id\":\"https:\\\/\\\/vinoshield.texinov.com\\\/fr\\\/#\\\/schema\\\/logo\\\/image\\\/\",\"url\":\"https:\\\/\\\/vinoshield.texinov.com\\\/wp-content\\\/uploads\\\/2025\\\/02\\\/vinoshield-logo-couleur-life.png\",\"contentUrl\":\"https:\\\/\\\/vinoshield.texinov.com\\\/wp-content\\\/uploads\\\/2025\\\/02\\\/vinoshield-logo-couleur-life.png\",\"width\":500,\"height\":117,\"caption\":\"Vinoshield\"},\"image\":{\"@id\":\"https:\\\/\\\/vinoshield.texinov.com\\\/fr\\\/#\\\/schema\\\/logo\\\/image\\\/\"}}]}<\/script>\n<!-- \/ Yoast SEO plugin. -->","yoast_head_json":{"title":"Gestion des donn\u00e9es personnelles - Vinoshield","robots":{"index":"index","follow":"follow","max-snippet":"max-snippet:-1","max-image-preview":"max-image-preview:large","max-video-preview":"max-video-preview:-1"},"canonical":"https:\/\/vinoshield.texinov.com\/fr\/politique-de-confidentialite\/","og_locale":"fr_FR","og_type":"article","og_title":"Gestion des donn\u00e9es personnelles - Vinoshield","og_description":"Nous assurons un traitement de vos donn\u00e9es \u00e0 caract\u00e8re personnel conforme aux dispositions du r\u00e8glement (UE) 2016\/679 du Parlement europ\u00e9en [&hellip;]","og_url":"https:\/\/vinoshield.texinov.com\/fr\/politique-de-confidentialite\/","og_site_name":"Vinoshield","article_modified_time":"2025-03-11T09:41:25+00:00","og_image":[{"width":2000,"height":718,"url":"https:\/\/vinoshield.texinov.com\/wp-content\/uploads\/2025\/02\/VinoSiheld-Vine-Yield.jpg","type":"image\/jpeg"}],"twitter_card":"summary_large_image","twitter_misc":{"Dur\u00e9e de lecture estim\u00e9e":"3 minutes"},"schema":{"@context":"https:\/\/schema.org","@graph":[{"@type":"WebPage","@id":"https:\/\/vinoshield.texinov.com\/fr\/politique-de-confidentialite\/","url":"https:\/\/vinoshield.texinov.com\/fr\/politique-de-confidentialite\/","name":"Gestion des donn\u00e9es personnelles - Vinoshield","isPartOf":{"@id":"https:\/\/vinoshield.texinov.com\/fr\/#website"},"primaryImageOfPage":{"@id":"https:\/\/vinoshield.texinov.com\/fr\/politique-de-confidentialite\/#primaryimage"},"image":{"@id":"https:\/\/vinoshield.texinov.com\/fr\/politique-de-confidentialite\/#primaryimage"},"thumbnailUrl":"https:\/\/vinoshield.texinov.com\/wp-content\/uploads\/2025\/02\/VinoSiheld-Vine-Yield.jpg","datePublished":"2025-02-06T09:39:34+00:00","dateModified":"2025-03-11T09:41:25+00:00","breadcrumb":{"@id":"https:\/\/vinoshield.texinov.com\/fr\/politique-de-confidentialite\/#breadcrumb"},"inLanguage":"fr-FR","potentialAction":[{"@type":"ReadAction","target":["https:\/\/vinoshield.texinov.com\/fr\/politique-de-confidentialite\/"]}]},{"@type":"ImageObject","inLanguage":"fr-FR","@id":"https:\/\/vinoshield.texinov.com\/fr\/politique-de-confidentialite\/#primaryimage","url":"https:\/\/vinoshield.texinov.com\/wp-content\/uploads\/2025\/02\/VinoSiheld-Vine-Yield.jpg","contentUrl":"https:\/\/vinoshield.texinov.com\/wp-content\/uploads\/2025\/02\/VinoSiheld-Vine-Yield.jpg","width":2000,"height":718},{"@type":"BreadcrumbList","@id":"https:\/\/vinoshield.texinov.com\/fr\/politique-de-confidentialite\/#breadcrumb","itemListElement":[{"@type":"ListItem","position":1,"name":"Accueil","item":"https:\/\/vinoshield.texinov.com\/fr\/"},{"@type":"ListItem","position":2,"name":"Gestion des donn\u00e9es personnelles"}]},{"@type":"WebSite","@id":"https:\/\/vinoshield.texinov.com\/fr\/#website","url":"https:\/\/vinoshield.texinov.com\/fr\/","name":"Vinoshield","description":"","publisher":{"@id":"https:\/\/vinoshield.texinov.com\/fr\/#organization"},"potentialAction":[{"@type":"SearchAction","target":{"@type":"EntryPoint","urlTemplate":"https:\/\/vinoshield.texinov.com\/fr\/?s={search_term_string}"},"query-input":{"@type":"PropertyValueSpecification","valueRequired":true,"valueName":"search_term_string"}}],"inLanguage":"fr-FR"},{"@type":"Organization","@id":"https:\/\/vinoshield.texinov.com\/fr\/#organization","name":"Vinoshield","url":"https:\/\/vinoshield.texinov.com\/fr\/","logo":{"@type":"ImageObject","inLanguage":"fr-FR","@id":"https:\/\/vinoshield.texinov.com\/fr\/#\/schema\/logo\/image\/","url":"https:\/\/vinoshield.texinov.com\/wp-content\/uploads\/2025\/02\/vinoshield-logo-couleur-life.png","contentUrl":"https:\/\/vinoshield.texinov.com\/wp-content\/uploads\/2025\/02\/vinoshield-logo-couleur-life.png","width":500,"height":117,"caption":"Vinoshield"},"image":{"@id":"https:\/\/vinoshield.texinov.com\/fr\/#\/schema\/logo\/image\/"}}]}},"acf":[],"_links":{"self":[{"href":"https:\/\/vinoshield.texinov.com\/fr\/wp-json\/wp\/v2\/pages\/386","targetHints":{"allow":["GET"]}}],"collection":[{"href":"https:\/\/vinoshield.texinov.com\/fr\/wp-json\/wp\/v2\/pages"}],"about":[{"href":"https:\/\/vinoshield.texinov.com\/fr\/wp-json\/wp\/v2\/types\/page"}],"author":[{"embeddable":true,"href":"https:\/\/vinoshield.texinov.com\/fr\/wp-json\/wp\/v2\/users\/1"}],"replies":[{"embeddable":true,"href":"https:\/\/vinoshield.texinov.com\/fr\/wp-json\/wp\/v2\/comments?post=386"}],"version-history":[{"count":1,"href":"https:\/\/vinoshield.texinov.com\/fr\/wp-json\/wp\/v2\/pages\/386\/revisions"}],"predecessor-version":[{"id":387,"href":"https:\/\/vinoshield.texinov.com\/fr\/wp-json\/wp\/v2\/pages\/386\/revisions\/387"}],"wp:featuredmedia":[{"embeddable":true,"href":"https:\/\/vinoshield.texinov.com\/fr\/wp-json\/wp\/v2\/media\/73"}],"wp:attachment":[{"href":"https:\/\/vinoshield.texinov.com\/fr\/wp-json\/wp\/v2\/media?parent=386"}],"curies":[{"name":"wp","href":"https:\/\/api.w.org\/{rel}","templated":true}]}}