{"id":369,"date":"2025-02-13T15:07:35","date_gmt":"2025-02-13T14:07:35","guid":{"rendered":"https:\/\/vinoshield.texinov.com\/networking\/"},"modified":"2025-03-11T10:21:50","modified_gmt":"2025-03-11T09:21:50","slug":"networking","status":"publish","type":"page","link":"https:\/\/vinoshield.texinov.com\/fr\/networking\/","title":{"rendered":"R\u00e9seautage"},"content":{"rendered":"\n<div style=\"height:60px\" aria-hidden=\"true\" class=\"wp-block-spacer\"><\/div>\n\n\n\n<div class=\"wp-block-columns is-layout-flex wp-container-core-columns-is-layout-9d6595d7 wp-block-columns-is-layout-flex\">\n<div class=\"wp-block-column is-layout-flow wp-block-column-is-layout-flow\">\n<p class=\"has-medium-font-size\"><strong>La mise en r\u00e9seau jouera un r\u00f4le crucial dans le projet LIFE VINOSHIELD, en facilitant l&rsquo;\u00e9change de connaissances, de bonnes pratiques et de r\u00e9sultats de projets avec les parties prenantes institutionnelles et non institutionnelles, les organismes et les comit\u00e9s.<\/strong><\/p>\n<\/div>\n\n\n\n<div class=\"wp-block-column is-layout-flow wp-block-column-is-layout-flow\">\n<p>Une collaboration \u00e9troite avec d&rsquo;autres projets LIFE ax\u00e9s sur l&rsquo;att\u00e9nuation du changement climatique et les domaines politiques connexes, tels que l&rsquo;agriculture durable, les infrastructures vertes et la conservation de la biodiversit\u00e9, permettra de cr\u00e9er des synergies et de maximiser l&rsquo;impact du projet.<\/p>\n<\/div>\n\n\n\n<div class=\"wp-block-column is-layout-flow wp-block-column-is-layout-flow\">\n<p>La communication avec les b\u00e9n\u00e9ficiaires de projets similaires favorisera un environnement dynamique de partage des connaissances, am\u00e9liorant la visibilit\u00e9 et l&rsquo;impact au-del\u00e0 de la dur\u00e9e du projet. Tous les efforts de mise en r\u00e9seau seront syst\u00e9matiquement document\u00e9s dans les produits livrables du projet, assurant ainsi la continuit\u00e9 et la collaboration \u00e0 long terme au-del\u00e0 du calendrier de LIFE VINOSHIELD.<\/p>\n<\/div>\n<\/div>\n\n\n\n<div style=\"height:24px\" aria-hidden=\"true\" class=\"wp-block-spacer\"><\/div>\n\n\n\n<hr class=\"wp-block-separator has-text-color has-theme-color-a-83-c-62-color has-alpha-channel-opacity has-theme-color-a-83-c-62-background-color has-background\"\/>\n\n\n\n<div style=\"height:24px\" aria-hidden=\"true\" class=\"wp-block-spacer\"><\/div>\n\n\n\n<div class=\"wp-block-columns is-layout-flex wp-container-core-columns-is-layout-9d6595d7 wp-block-columns-is-layout-flex\">\n<div class=\"wp-block-column is-layout-flow wp-block-column-is-layout-flow\">\n<figure class=\"wp-block-image size-full\"><img loading=\"lazy\" decoding=\"async\" width=\"500\" height=\"150\" src=\"https:\/\/vinoshield.texinov.com\/wp-content\/uploads\/2025\/02\/logo_life_natural_agro-life2.png\" alt=\"\" class=\"wp-image-313\" srcset=\"https:\/\/vinoshield.texinov.com\/wp-content\/uploads\/2025\/02\/logo_life_natural_agro-life2.png 500w, https:\/\/vinoshield.texinov.com\/wp-content\/uploads\/2025\/02\/logo_life_natural_agro-life2-300x90.png 300w\" sizes=\"auto, (max-width: 500px) 100vw, 500px\" \/><\/figure>\n\n\n\n<div style=\"height:32px\" aria-hidden=\"true\" class=\"wp-block-spacer\"><\/div>\n\n\n\n<h2 class=\"wp-block-heading has-large-font-size\"><strong>LIFE Natural Agro<\/strong><\/h2>\n\n\n\n<hr class=\"wp-block-separator has-text-color has-theme-color-4-b-9-e-56-color has-alpha-channel-opacity has-theme-color-4-b-9-e-56-background-color has-background\"\/>\n\n\n\n<p class=\"has-medium-font-size\"><strong>Le projet vise \u00e0 orienter la viticulture europ\u00e9enne vers une protection des cultures plus efficace, durable et sans toxicit\u00e9, en r\u00e9duisant, voire en \u00e9liminant, l&rsquo;utilisation de compos\u00e9s x\u00e9nobiotiques dans les produits phytopharmaceutiques (PPP).<\/strong><\/p>\n<\/div>\n\n\n\n<div class=\"wp-block-column is-layout-flow wp-block-column-is-layout-flow\">\n<p>La mission du projet Natural Agro est d&rsquo;adopter une production agricole, notamment pour la vigne, plus respectueuse de l&rsquo;environnement en d\u00e9veloppant une strat\u00e9gie efficace et durable de lutte contre les maladies parasitaires. Bas\u00e9 sur l&rsquo;importance, notamment \u00e9conomique, de la culture de la vigne en Europe, le projet vise \u00e0 r\u00e9duire l&rsquo;utilisation de pesticides et d&rsquo;engrais en proposant une nouvelle solution innovante au march\u00e9 actuel. Les viticulteurs sont d\u00e9pendants de l&rsquo;utilisation de pesticides chimiques car la vigne est sensible \u00e0 de nombreuses maladies fongiques, telles que le mildiou (DM) et les maladies du tronc de la vigne (GTD), qui ont le potentiel de causer de graves dommages aux cultures et des pertes \u00e9conomiques substantielles pour les viticulteurs de l&rsquo;UE.<\/p>\n<\/div>\n\n\n\n<div class=\"wp-block-column is-layout-flow wp-block-column-is-layout-flow\">\n<p>En tant que traitement principal de ces maladies, les PPP \u00e0 forte teneur en cuivre (Cu) sont consid\u00e9r\u00e9s comme le produit antifongique le plus important en viticulture biologique. Cependant, la d\u00e9pendance \u00e0 l&rsquo;\u00e9gard des PPP \u00e0 base de Cu est une pr\u00e9occupation urgente, en raison de l&rsquo;accumulation croissante et toxique de Cu dans le sol et l&rsquo;eau, et de son assimilation potentielle dans les fruits, avec un impact grave sur la sant\u00e9 humaine.<\/p>\n\n\n\n<div style=\"height:24px\" aria-hidden=\"true\" class=\"wp-block-spacer\"><\/div>\n\n\n\n<div class=\"wp-block-buttons is-layout-flex wp-block-buttons-is-layout-flex\">\n<div class=\"wp-block-button\"><a class=\"wp-block-button__link wp-element-button\" href=\"https:\/\/www.lifenaturalagro.eu\/project\/\" target=\"_blank\" rel=\"noreferrer noopener\">EN SAVOIR PLUS<\/a><\/div>\n<\/div>\n<\/div>\n<\/div>\n\n\n\n<div style=\"height:60px\" aria-hidden=\"true\" class=\"wp-block-spacer\"><\/div>\n","protected":false},"excerpt":{"rendered":"<p>La mise en r\u00e9seau jouera un r\u00f4le crucial dans le projet LIFE VINOSHIELD, en facilitant l&rsquo;\u00e9change de connaissances, de bonnes [&hellip;]<\/p>\n","protected":false},"author":1,"featured_media":244,"parent":0,"menu_order":0,"comment_status":"closed","ping_status":"closed","template":"","meta":{"_acf_changed":false,"footnotes":""},"class_list":["post-369","page","type-page","status-publish","has-post-thumbnail","hentry"],"yoast_head":"<!-- This site is optimized with the Yoast SEO plugin v27.5 - https:\/\/yoast.com\/product\/yoast-seo-wordpress\/ -->\n<title>R\u00e9seautage - Vinoshield<\/title>\n<meta name=\"robots\" content=\"index, follow, max-snippet:-1, max-image-preview:large, max-video-preview:-1\" \/>\n<link rel=\"canonical\" href=\"https:\/\/vinoshield.texinov.com\/fr\/networking\/\" \/>\n<meta property=\"og:locale\" content=\"fr_FR\" \/>\n<meta property=\"og:type\" content=\"article\" \/>\n<meta property=\"og:title\" content=\"R\u00e9seautage - Vinoshield\" \/>\n<meta property=\"og:description\" content=\"La mise en r\u00e9seau jouera un r\u00f4le crucial dans le projet LIFE VINOSHIELD, en facilitant l&rsquo;\u00e9change de connaissances, de bonnes [&hellip;]\" \/>\n<meta property=\"og:url\" content=\"https:\/\/vinoshield.texinov.com\/fr\/networking\/\" \/>\n<meta property=\"og:site_name\" content=\"Vinoshield\" \/>\n<meta property=\"article:modified_time\" content=\"2025-03-11T09:21:50+00:00\" \/>\n<meta property=\"og:image\" content=\"https:\/\/vinoshield.texinov.com\/wp-content\/uploads\/2025\/02\/Fond_Networking.jpg\" \/>\n\t<meta property=\"og:image:width\" content=\"1900\" \/>\n\t<meta property=\"og:image:height\" content=\"867\" \/>\n\t<meta property=\"og:image:type\" content=\"image\/jpeg\" \/>\n<meta name=\"twitter:card\" content=\"summary_large_image\" \/>\n<meta name=\"twitter:label1\" content=\"Dur\u00e9e de lecture estim\u00e9e\" \/>\n\t<meta name=\"twitter:data1\" content=\"3 minutes\" \/>\n<script type=\"application\/ld+json\" class=\"yoast-schema-graph\">{\"@context\":\"https:\\\/\\\/schema.org\",\"@graph\":[{\"@type\":\"WebPage\",\"@id\":\"https:\\\/\\\/vinoshield.texinov.com\\\/fr\\\/networking\\\/\",\"url\":\"https:\\\/\\\/vinoshield.texinov.com\\\/fr\\\/networking\\\/\",\"name\":\"R\u00e9seautage - Vinoshield\",\"isPartOf\":{\"@id\":\"https:\\\/\\\/vinoshield.texinov.com\\\/fr\\\/#website\"},\"primaryImageOfPage\":{\"@id\":\"https:\\\/\\\/vinoshield.texinov.com\\\/fr\\\/networking\\\/#primaryimage\"},\"image\":{\"@id\":\"https:\\\/\\\/vinoshield.texinov.com\\\/fr\\\/networking\\\/#primaryimage\"},\"thumbnailUrl\":\"https:\\\/\\\/vinoshield.texinov.com\\\/wp-content\\\/uploads\\\/2025\\\/02\\\/Fond_Networking.jpg\",\"datePublished\":\"2025-02-13T14:07:35+00:00\",\"dateModified\":\"2025-03-11T09:21:50+00:00\",\"breadcrumb\":{\"@id\":\"https:\\\/\\\/vinoshield.texinov.com\\\/fr\\\/networking\\\/#breadcrumb\"},\"inLanguage\":\"fr-FR\",\"potentialAction\":[{\"@type\":\"ReadAction\",\"target\":[\"https:\\\/\\\/vinoshield.texinov.com\\\/fr\\\/networking\\\/\"]}]},{\"@type\":\"ImageObject\",\"inLanguage\":\"fr-FR\",\"@id\":\"https:\\\/\\\/vinoshield.texinov.com\\\/fr\\\/networking\\\/#primaryimage\",\"url\":\"https:\\\/\\\/vinoshield.texinov.com\\\/wp-content\\\/uploads\\\/2025\\\/02\\\/Fond_Networking.jpg\",\"contentUrl\":\"https:\\\/\\\/vinoshield.texinov.com\\\/wp-content\\\/uploads\\\/2025\\\/02\\\/Fond_Networking.jpg\",\"width\":1900,\"height\":867},{\"@type\":\"BreadcrumbList\",\"@id\":\"https:\\\/\\\/vinoshield.texinov.com\\\/fr\\\/networking\\\/#breadcrumb\",\"itemListElement\":[{\"@type\":\"ListItem\",\"position\":1,\"name\":\"Accueil\",\"item\":\"https:\\\/\\\/vinoshield.texinov.com\\\/fr\\\/\"},{\"@type\":\"ListItem\",\"position\":2,\"name\":\"R\u00e9seautage\"}]},{\"@type\":\"WebSite\",\"@id\":\"https:\\\/\\\/vinoshield.texinov.com\\\/fr\\\/#website\",\"url\":\"https:\\\/\\\/vinoshield.texinov.com\\\/fr\\\/\",\"name\":\"Vinoshield\",\"description\":\"\",\"publisher\":{\"@id\":\"https:\\\/\\\/vinoshield.texinov.com\\\/fr\\\/#organization\"},\"potentialAction\":[{\"@type\":\"SearchAction\",\"target\":{\"@type\":\"EntryPoint\",\"urlTemplate\":\"https:\\\/\\\/vinoshield.texinov.com\\\/fr\\\/?s={search_term_string}\"},\"query-input\":{\"@type\":\"PropertyValueSpecification\",\"valueRequired\":true,\"valueName\":\"search_term_string\"}}],\"inLanguage\":\"fr-FR\"},{\"@type\":\"Organization\",\"@id\":\"https:\\\/\\\/vinoshield.texinov.com\\\/fr\\\/#organization\",\"name\":\"Vinoshield\",\"url\":\"https:\\\/\\\/vinoshield.texinov.com\\\/fr\\\/\",\"logo\":{\"@type\":\"ImageObject\",\"inLanguage\":\"fr-FR\",\"@id\":\"https:\\\/\\\/vinoshield.texinov.com\\\/fr\\\/#\\\/schema\\\/logo\\\/image\\\/\",\"url\":\"https:\\\/\\\/vinoshield.texinov.com\\\/wp-content\\\/uploads\\\/2025\\\/02\\\/vinoshield-logo-couleur-life.png\",\"contentUrl\":\"https:\\\/\\\/vinoshield.texinov.com\\\/wp-content\\\/uploads\\\/2025\\\/02\\\/vinoshield-logo-couleur-life.png\",\"width\":500,\"height\":117,\"caption\":\"Vinoshield\"},\"image\":{\"@id\":\"https:\\\/\\\/vinoshield.texinov.com\\\/fr\\\/#\\\/schema\\\/logo\\\/image\\\/\"}}]}<\/script>\n<!-- \/ Yoast SEO plugin. -->","yoast_head_json":{"title":"R\u00e9seautage - Vinoshield","robots":{"index":"index","follow":"follow","max-snippet":"max-snippet:-1","max-image-preview":"max-image-preview:large","max-video-preview":"max-video-preview:-1"},"canonical":"https:\/\/vinoshield.texinov.com\/fr\/networking\/","og_locale":"fr_FR","og_type":"article","og_title":"R\u00e9seautage - Vinoshield","og_description":"La mise en r\u00e9seau jouera un r\u00f4le crucial dans le projet LIFE VINOSHIELD, en facilitant l&rsquo;\u00e9change de connaissances, de bonnes [&hellip;]","og_url":"https:\/\/vinoshield.texinov.com\/fr\/networking\/","og_site_name":"Vinoshield","article_modified_time":"2025-03-11T09:21:50+00:00","og_image":[{"width":1900,"height":867,"url":"https:\/\/vinoshield.texinov.com\/wp-content\/uploads\/2025\/02\/Fond_Networking.jpg","type":"image\/jpeg"}],"twitter_card":"summary_large_image","twitter_misc":{"Dur\u00e9e de lecture estim\u00e9e":"3 minutes"},"schema":{"@context":"https:\/\/schema.org","@graph":[{"@type":"WebPage","@id":"https:\/\/vinoshield.texinov.com\/fr\/networking\/","url":"https:\/\/vinoshield.texinov.com\/fr\/networking\/","name":"R\u00e9seautage - Vinoshield","isPartOf":{"@id":"https:\/\/vinoshield.texinov.com\/fr\/#website"},"primaryImageOfPage":{"@id":"https:\/\/vinoshield.texinov.com\/fr\/networking\/#primaryimage"},"image":{"@id":"https:\/\/vinoshield.texinov.com\/fr\/networking\/#primaryimage"},"thumbnailUrl":"https:\/\/vinoshield.texinov.com\/wp-content\/uploads\/2025\/02\/Fond_Networking.jpg","datePublished":"2025-02-13T14:07:35+00:00","dateModified":"2025-03-11T09:21:50+00:00","breadcrumb":{"@id":"https:\/\/vinoshield.texinov.com\/fr\/networking\/#breadcrumb"},"inLanguage":"fr-FR","potentialAction":[{"@type":"ReadAction","target":["https:\/\/vinoshield.texinov.com\/fr\/networking\/"]}]},{"@type":"ImageObject","inLanguage":"fr-FR","@id":"https:\/\/vinoshield.texinov.com\/fr\/networking\/#primaryimage","url":"https:\/\/vinoshield.texinov.com\/wp-content\/uploads\/2025\/02\/Fond_Networking.jpg","contentUrl":"https:\/\/vinoshield.texinov.com\/wp-content\/uploads\/2025\/02\/Fond_Networking.jpg","width":1900,"height":867},{"@type":"BreadcrumbList","@id":"https:\/\/vinoshield.texinov.com\/fr\/networking\/#breadcrumb","itemListElement":[{"@type":"ListItem","position":1,"name":"Accueil","item":"https:\/\/vinoshield.texinov.com\/fr\/"},{"@type":"ListItem","position":2,"name":"R\u00e9seautage"}]},{"@type":"WebSite","@id":"https:\/\/vinoshield.texinov.com\/fr\/#website","url":"https:\/\/vinoshield.texinov.com\/fr\/","name":"Vinoshield","description":"","publisher":{"@id":"https:\/\/vinoshield.texinov.com\/fr\/#organization"},"potentialAction":[{"@type":"SearchAction","target":{"@type":"EntryPoint","urlTemplate":"https:\/\/vinoshield.texinov.com\/fr\/?s={search_term_string}"},"query-input":{"@type":"PropertyValueSpecification","valueRequired":true,"valueName":"search_term_string"}}],"inLanguage":"fr-FR"},{"@type":"Organization","@id":"https:\/\/vinoshield.texinov.com\/fr\/#organization","name":"Vinoshield","url":"https:\/\/vinoshield.texinov.com\/fr\/","logo":{"@type":"ImageObject","inLanguage":"fr-FR","@id":"https:\/\/vinoshield.texinov.com\/fr\/#\/schema\/logo\/image\/","url":"https:\/\/vinoshield.texinov.com\/wp-content\/uploads\/2025\/02\/vinoshield-logo-couleur-life.png","contentUrl":"https:\/\/vinoshield.texinov.com\/wp-content\/uploads\/2025\/02\/vinoshield-logo-couleur-life.png","width":500,"height":117,"caption":"Vinoshield"},"image":{"@id":"https:\/\/vinoshield.texinov.com\/fr\/#\/schema\/logo\/image\/"}}]}},"acf":[],"_links":{"self":[{"href":"https:\/\/vinoshield.texinov.com\/fr\/wp-json\/wp\/v2\/pages\/369","targetHints":{"allow":["GET"]}}],"collection":[{"href":"https:\/\/vinoshield.texinov.com\/fr\/wp-json\/wp\/v2\/pages"}],"about":[{"href":"https:\/\/vinoshield.texinov.com\/fr\/wp-json\/wp\/v2\/types\/page"}],"author":[{"embeddable":true,"href":"https:\/\/vinoshield.texinov.com\/fr\/wp-json\/wp\/v2\/users\/1"}],"replies":[{"embeddable":true,"href":"https:\/\/vinoshield.texinov.com\/fr\/wp-json\/wp\/v2\/comments?post=369"}],"version-history":[{"count":1,"href":"https:\/\/vinoshield.texinov.com\/fr\/wp-json\/wp\/v2\/pages\/369\/revisions"}],"predecessor-version":[{"id":371,"href":"https:\/\/vinoshield.texinov.com\/fr\/wp-json\/wp\/v2\/pages\/369\/revisions\/371"}],"wp:featuredmedia":[{"embeddable":true,"href":"https:\/\/vinoshield.texinov.com\/fr\/wp-json\/wp\/v2\/media\/244"}],"wp:attachment":[{"href":"https:\/\/vinoshield.texinov.com\/fr\/wp-json\/wp\/v2\/media?parent=369"}],"curies":[{"name":"wp","href":"https:\/\/api.w.org\/{rel}","templated":true}]}}