{"id":358,"date":"2025-02-10T15:05:14","date_gmt":"2025-02-10T14:05:14","guid":{"rendered":"https:\/\/vinoshield.texinov.com\/contact\/"},"modified":"2025-03-11T09:49:29","modified_gmt":"2025-03-11T08:49:29","slug":"contact","status":"publish","type":"page","link":"https:\/\/vinoshield.texinov.com\/fr\/contact\/","title":{"rendered":"Contactez-nous"},"content":{"rendered":"<form class=\"form loader\" data-key=\"6Ld5-NMqAAAAAKVxmm5IzogOJ8Z9HPzpDr7D7L3W\"\r\n      enctype=\"multipart\/form-data\">\r\n    <div class=\"form-res\"><\/div>\r\n\r\n    <div class=\"row\">\r\n        <div class=\"col-md-6\">                <label>\r\n                    <input type=\"text\"\r\n                           name=\"f0\" required\/>\r\n                    <span>Nom \/ Pr\u00e9nom<\/span>\r\n                <\/label>\r\n                <\/div><div class=\"col-md-6\">                <label>\r\n                    <input type=\"text\"\r\n                           name=\"f1\"\/>\r\n                    <span>Soci\u00e9t\u00e9<\/span>\r\n                <\/label>\r\n                <\/div><div class=\"col-md-6\">                <label>\r\n                    <div class=\"select\">\r\n                        <select name=\"f2\" required>\r\n                            <option value=\"0\">Exploitant, chef d&#039;exploitation viticole<\/option><option value=\"1\">Chef de culture, directeur technique vigne et vin<\/option><option value=\"2\">Oenologue, ma\u00eetre de chai, caviste<\/option><option value=\"3\">Conseiller viticole<\/option><option value=\"4\">Distributeur de mat\u00e9riels viticole et agricole<\/option><option value=\"5\">P\u00e9pin\u00e9riste, p\u00e9pin\u00e9riste viticole<\/option><option value=\"6\">Expert viticulture (agronome, chercheur, ing\u00e9nieur&#8230;)<\/option><option value=\"7\">Soci\u00e9t\u00e9 de services<\/option><option value=\"8\">N\u00e9gociant, courtier, consultant en vin<\/option><option value=\"9\">Chercheur hors viticulture, universitaire<\/option><option value=\"10\">Journaliste<\/option><option value=\"11\">Autre<\/option>                        <\/select>\r\n                        <span>M\u00e9tier \/ Secteur<\/span>\r\n                    <\/div>\r\n                <\/label>\r\n                <\/div><div class=\"col-md-6\">                <label>\r\n                    <input type=\"text\"\r\n                           name=\"f3\" required\/>\r\n                    <span>Pays<\/span>\r\n                <\/label>\r\n                <\/div><div class=\"col-md-6\">                <label>\r\n                    <input type=\"email\"\r\n                           name=\"f4\" required\/>\r\n                    <span>E-mail<\/span>\r\n                <\/label>\r\n                <\/div><div class=\"col-md-6\">                <label>\r\n                    <input type=\"text\"\r\n                           name=\"f5\"\/>\r\n                    <span>T\u00e9l\u00e9phone<\/span>\r\n                <\/label>\r\n                <\/div><div class=\"col-md-12\">                <label>\r\n                    <input type=\"text\"\r\n                           name=\"f6\"\/>\r\n                    <span>Objet<\/span>\r\n                <\/label>\r\n                <\/div><div class=\"col-md-12\">                <label>\r\n                    <textarea name=\"f7\" required><\/textarea>\r\n                    <span>Message<\/span>\r\n                <\/label>\r\n                <\/div><div class=\"col-md-12\">                <label class=\"checkbox-label\">\r\n                    <input type=\"checkbox\" name=\"f8\"\/>\r\n                    <span class=\"checkbox\"><\/span>\r\n                    <p>S&#039;inscrire \u00e0 la newsletter<\/p>\r\n                <\/label>\r\n                <\/div><div class=\"col-md-12\">                <label class=\"checkbox-label\">\r\n                    <input type=\"checkbox\" name=\"f9\"\/>\r\n                    <span class=\"checkbox\"><\/span>\r\n                    <p>Int\u00e9ress\u00e9(e) pour \u00eatre convi\u00e9(e) \u00e0 des sessions de travail<\/p>\r\n                <\/label>\r\n                <\/div>    <\/div>\r\n\r\n    \r\n    <label class=\"checkbox-label\">\r\n        <input type=\"checkbox\" name=\"privacy\" required\/>\r\n        <span class=\"checkbox\"><\/span>\r\n        <p>En remplissant ce formulaire, j\u2019accepte que les informations saisies soient utilis\u00e9es par l\u2019entreprise pour me contacter.<br \/><a href=\"https:\/\/vinoshield.texinov.com\/politique-de-confidentialite\/\" target=\"_blank\">Consulter notre politique de gestion des donn\u00e9es personnelles<\/a><\/p>\r\n    <\/label>\r\n\r\n    \r\n    <input type=\"hidden\" name=\"id\" value=\"67cff74e01536\"\/>\r\n    <div class=\"mt-4 text-end\">\r\n        <button\r\n                class=\"btn\">Envoyer<\/button>\r\n    <\/div>\r\n\r\n    <script src=\"https:\/\/www.google.com\/recaptcha\/api.js?render=6Ld5-NMqAAAAAKVxmm5IzogOJ8Z9HPzpDr7D7L3W\"><\/script>\r\n\r\n    <\/form>\r\n\n\n\n<p><\/p>\n","protected":false},"excerpt":{"rendered":"","protected":false},"author":1,"featured_media":161,"parent":0,"menu_order":0,"comment_status":"closed","ping_status":"closed","template":"page-contact.php","meta":{"_acf_changed":false,"footnotes":""},"class_list":["post-358","page","type-page","status-publish","has-post-thumbnail","hentry"],"yoast_head":"<!-- This site is optimized with the Yoast SEO plugin v27.5 - https:\/\/yoast.com\/product\/yoast-seo-wordpress\/ -->\n<title>Contactez-nous - Vinoshield<\/title>\n<meta name=\"robots\" content=\"index, follow, max-snippet:-1, max-image-preview:large, max-video-preview:-1\" \/>\n<link rel=\"canonical\" href=\"https:\/\/vinoshield.texinov.com\/fr\/contact\/\" \/>\n<meta property=\"og:locale\" content=\"fr_FR\" \/>\n<meta property=\"og:type\" content=\"article\" \/>\n<meta property=\"og:title\" content=\"Contactez-nous - Vinoshield\" \/>\n<meta property=\"og:url\" content=\"https:\/\/vinoshield.texinov.com\/fr\/contact\/\" \/>\n<meta property=\"og:site_name\" content=\"Vinoshield\" \/>\n<meta property=\"article:modified_time\" content=\"2025-03-11T08:49:29+00:00\" \/>\n<meta property=\"og:image\" content=\"https:\/\/vinoshield.texinov.com\/wp-content\/uploads\/2025\/02\/Vineyard_VinoShield_Protection_Net.jpg\" \/>\n\t<meta property=\"og:image:width\" content=\"2000\" \/>\n\t<meta property=\"og:image:height\" content=\"739\" \/>\n\t<meta property=\"og:image:type\" content=\"image\/jpeg\" \/>\n<meta name=\"twitter:card\" content=\"summary_large_image\" \/>\n<meta name=\"twitter:label1\" content=\"Dur\u00e9e de lecture estim\u00e9e\" \/>\n\t<meta name=\"twitter:data1\" content=\"1 minute\" \/>\n<script type=\"application\/ld+json\" class=\"yoast-schema-graph\">{\"@context\":\"https:\\\/\\\/schema.org\",\"@graph\":[{\"@type\":\"WebPage\",\"@id\":\"https:\\\/\\\/vinoshield.texinov.com\\\/fr\\\/contact\\\/\",\"url\":\"https:\\\/\\\/vinoshield.texinov.com\\\/fr\\\/contact\\\/\",\"name\":\"Contactez-nous - Vinoshield\",\"isPartOf\":{\"@id\":\"https:\\\/\\\/vinoshield.texinov.com\\\/fr\\\/#website\"},\"primaryImageOfPage\":{\"@id\":\"https:\\\/\\\/vinoshield.texinov.com\\\/fr\\\/contact\\\/#primaryimage\"},\"image\":{\"@id\":\"https:\\\/\\\/vinoshield.texinov.com\\\/fr\\\/contact\\\/#primaryimage\"},\"thumbnailUrl\":\"https:\\\/\\\/vinoshield.texinov.com\\\/wp-content\\\/uploads\\\/2025\\\/02\\\/Vineyard_VinoShield_Protection_Net.jpg\",\"datePublished\":\"2025-02-10T14:05:14+00:00\",\"dateModified\":\"2025-03-11T08:49:29+00:00\",\"breadcrumb\":{\"@id\":\"https:\\\/\\\/vinoshield.texinov.com\\\/fr\\\/contact\\\/#breadcrumb\"},\"inLanguage\":\"fr-FR\",\"potentialAction\":[{\"@type\":\"ReadAction\",\"target\":[\"https:\\\/\\\/vinoshield.texinov.com\\\/fr\\\/contact\\\/\"]}]},{\"@type\":\"ImageObject\",\"inLanguage\":\"fr-FR\",\"@id\":\"https:\\\/\\\/vinoshield.texinov.com\\\/fr\\\/contact\\\/#primaryimage\",\"url\":\"https:\\\/\\\/vinoshield.texinov.com\\\/wp-content\\\/uploads\\\/2025\\\/02\\\/Vineyard_VinoShield_Protection_Net.jpg\",\"contentUrl\":\"https:\\\/\\\/vinoshield.texinov.com\\\/wp-content\\\/uploads\\\/2025\\\/02\\\/Vineyard_VinoShield_Protection_Net.jpg\",\"width\":2000,\"height\":739},{\"@type\":\"BreadcrumbList\",\"@id\":\"https:\\\/\\\/vinoshield.texinov.com\\\/fr\\\/contact\\\/#breadcrumb\",\"itemListElement\":[{\"@type\":\"ListItem\",\"position\":1,\"name\":\"Accueil\",\"item\":\"https:\\\/\\\/vinoshield.texinov.com\\\/fr\\\/\"},{\"@type\":\"ListItem\",\"position\":2,\"name\":\"Contactez-nous\"}]},{\"@type\":\"WebSite\",\"@id\":\"https:\\\/\\\/vinoshield.texinov.com\\\/fr\\\/#website\",\"url\":\"https:\\\/\\\/vinoshield.texinov.com\\\/fr\\\/\",\"name\":\"Vinoshield\",\"description\":\"\",\"publisher\":{\"@id\":\"https:\\\/\\\/vinoshield.texinov.com\\\/fr\\\/#organization\"},\"potentialAction\":[{\"@type\":\"SearchAction\",\"target\":{\"@type\":\"EntryPoint\",\"urlTemplate\":\"https:\\\/\\\/vinoshield.texinov.com\\\/fr\\\/?s={search_term_string}\"},\"query-input\":{\"@type\":\"PropertyValueSpecification\",\"valueRequired\":true,\"valueName\":\"search_term_string\"}}],\"inLanguage\":\"fr-FR\"},{\"@type\":\"Organization\",\"@id\":\"https:\\\/\\\/vinoshield.texinov.com\\\/fr\\\/#organization\",\"name\":\"Vinoshield\",\"url\":\"https:\\\/\\\/vinoshield.texinov.com\\\/fr\\\/\",\"logo\":{\"@type\":\"ImageObject\",\"inLanguage\":\"fr-FR\",\"@id\":\"https:\\\/\\\/vinoshield.texinov.com\\\/fr\\\/#\\\/schema\\\/logo\\\/image\\\/\",\"url\":\"https:\\\/\\\/vinoshield.texinov.com\\\/wp-content\\\/uploads\\\/2025\\\/02\\\/vinoshield-logo-couleur-life.png\",\"contentUrl\":\"https:\\\/\\\/vinoshield.texinov.com\\\/wp-content\\\/uploads\\\/2025\\\/02\\\/vinoshield-logo-couleur-life.png\",\"width\":500,\"height\":117,\"caption\":\"Vinoshield\"},\"image\":{\"@id\":\"https:\\\/\\\/vinoshield.texinov.com\\\/fr\\\/#\\\/schema\\\/logo\\\/image\\\/\"}}]}<\/script>\n<!-- \/ Yoast SEO plugin. -->","yoast_head_json":{"title":"Contactez-nous - Vinoshield","robots":{"index":"index","follow":"follow","max-snippet":"max-snippet:-1","max-image-preview":"max-image-preview:large","max-video-preview":"max-video-preview:-1"},"canonical":"https:\/\/vinoshield.texinov.com\/fr\/contact\/","og_locale":"fr_FR","og_type":"article","og_title":"Contactez-nous - Vinoshield","og_url":"https:\/\/vinoshield.texinov.com\/fr\/contact\/","og_site_name":"Vinoshield","article_modified_time":"2025-03-11T08:49:29+00:00","og_image":[{"width":2000,"height":739,"url":"https:\/\/vinoshield.texinov.com\/wp-content\/uploads\/2025\/02\/Vineyard_VinoShield_Protection_Net.jpg","type":"image\/jpeg"}],"twitter_card":"summary_large_image","twitter_misc":{"Dur\u00e9e de lecture estim\u00e9e":"1 minute"},"schema":{"@context":"https:\/\/schema.org","@graph":[{"@type":"WebPage","@id":"https:\/\/vinoshield.texinov.com\/fr\/contact\/","url":"https:\/\/vinoshield.texinov.com\/fr\/contact\/","name":"Contactez-nous - Vinoshield","isPartOf":{"@id":"https:\/\/vinoshield.texinov.com\/fr\/#website"},"primaryImageOfPage":{"@id":"https:\/\/vinoshield.texinov.com\/fr\/contact\/#primaryimage"},"image":{"@id":"https:\/\/vinoshield.texinov.com\/fr\/contact\/#primaryimage"},"thumbnailUrl":"https:\/\/vinoshield.texinov.com\/wp-content\/uploads\/2025\/02\/Vineyard_VinoShield_Protection_Net.jpg","datePublished":"2025-02-10T14:05:14+00:00","dateModified":"2025-03-11T08:49:29+00:00","breadcrumb":{"@id":"https:\/\/vinoshield.texinov.com\/fr\/contact\/#breadcrumb"},"inLanguage":"fr-FR","potentialAction":[{"@type":"ReadAction","target":["https:\/\/vinoshield.texinov.com\/fr\/contact\/"]}]},{"@type":"ImageObject","inLanguage":"fr-FR","@id":"https:\/\/vinoshield.texinov.com\/fr\/contact\/#primaryimage","url":"https:\/\/vinoshield.texinov.com\/wp-content\/uploads\/2025\/02\/Vineyard_VinoShield_Protection_Net.jpg","contentUrl":"https:\/\/vinoshield.texinov.com\/wp-content\/uploads\/2025\/02\/Vineyard_VinoShield_Protection_Net.jpg","width":2000,"height":739},{"@type":"BreadcrumbList","@id":"https:\/\/vinoshield.texinov.com\/fr\/contact\/#breadcrumb","itemListElement":[{"@type":"ListItem","position":1,"name":"Accueil","item":"https:\/\/vinoshield.texinov.com\/fr\/"},{"@type":"ListItem","position":2,"name":"Contactez-nous"}]},{"@type":"WebSite","@id":"https:\/\/vinoshield.texinov.com\/fr\/#website","url":"https:\/\/vinoshield.texinov.com\/fr\/","name":"Vinoshield","description":"","publisher":{"@id":"https:\/\/vinoshield.texinov.com\/fr\/#organization"},"potentialAction":[{"@type":"SearchAction","target":{"@type":"EntryPoint","urlTemplate":"https:\/\/vinoshield.texinov.com\/fr\/?s={search_term_string}"},"query-input":{"@type":"PropertyValueSpecification","valueRequired":true,"valueName":"search_term_string"}}],"inLanguage":"fr-FR"},{"@type":"Organization","@id":"https:\/\/vinoshield.texinov.com\/fr\/#organization","name":"Vinoshield","url":"https:\/\/vinoshield.texinov.com\/fr\/","logo":{"@type":"ImageObject","inLanguage":"fr-FR","@id":"https:\/\/vinoshield.texinov.com\/fr\/#\/schema\/logo\/image\/","url":"https:\/\/vinoshield.texinov.com\/wp-content\/uploads\/2025\/02\/vinoshield-logo-couleur-life.png","contentUrl":"https:\/\/vinoshield.texinov.com\/wp-content\/uploads\/2025\/02\/vinoshield-logo-couleur-life.png","width":500,"height":117,"caption":"Vinoshield"},"image":{"@id":"https:\/\/vinoshield.texinov.com\/fr\/#\/schema\/logo\/image\/"}}]}},"acf":[],"_links":{"self":[{"href":"https:\/\/vinoshield.texinov.com\/fr\/wp-json\/wp\/v2\/pages\/358","targetHints":{"allow":["GET"]}}],"collection":[{"href":"https:\/\/vinoshield.texinov.com\/fr\/wp-json\/wp\/v2\/pages"}],"about":[{"href":"https:\/\/vinoshield.texinov.com\/fr\/wp-json\/wp\/v2\/types\/page"}],"author":[{"embeddable":true,"href":"https:\/\/vinoshield.texinov.com\/fr\/wp-json\/wp\/v2\/users\/1"}],"replies":[{"embeddable":true,"href":"https:\/\/vinoshield.texinov.com\/fr\/wp-json\/wp\/v2\/comments?post=358"}],"version-history":[{"count":2,"href":"https:\/\/vinoshield.texinov.com\/fr\/wp-json\/wp\/v2\/pages\/358\/revisions"}],"predecessor-version":[{"id":360,"href":"https:\/\/vinoshield.texinov.com\/fr\/wp-json\/wp\/v2\/pages\/358\/revisions\/360"}],"wp:featuredmedia":[{"embeddable":true,"href":"https:\/\/vinoshield.texinov.com\/fr\/wp-json\/wp\/v2\/media\/161"}],"wp:attachment":[{"href":"https:\/\/vinoshield.texinov.com\/fr\/wp-json\/wp\/v2\/media?parent=358"}],"curies":[{"name":"wp","href":"https:\/\/api.w.org\/{rel}","templated":true}]}}