{"id":352,"date":"2025-02-06T10:39:34","date_gmt":"2025-02-06T09:39:34","guid":{"rendered":"https:\/\/vinoshield.texinov.com\/accueil\/"},"modified":"2025-03-11T09:30:45","modified_gmt":"2025-03-11T08:30:45","slug":"accueil","status":"publish","type":"page","link":"https:\/\/vinoshield.texinov.com\/fr\/","title":{"rendered":"Accueil"},"content":{"rendered":"\n<div style=\"height:80px\" aria-hidden=\"true\" class=\"wp-block-spacer\"><\/div>\n\n\n\n<div class=\"wp-block-columns is-layout-flex wp-container-core-columns-is-layout-9d6595d7 wp-block-columns-is-layout-flex\">\n<div class=\"wp-block-column is-layout-flow wp-block-column-is-layout-flow\" style=\"flex-basis:33.33%\">\n<h2 class=\"wp-block-heading\">Chiffres cl\u00e9s du projet<\/h2>\n\n\n\n<hr class=\"wp-block-separator has-text-color has-theme-color-4-b-9-e-56-color has-alpha-channel-opacity has-theme-color-4-b-9-e-56-background-color has-background\"\/>\n\n\n\n<div style=\"height:32px\" aria-hidden=\"true\" class=\"wp-block-spacer\"><\/div>\n\n\n\n<p>L&rsquo;Union Europ\u00e9enne est le premier producteur, consommateur et exportateur de vins, avec les 3\/4 des superficies viticoles situ\u00e9es en Espagne, en France et en Italie. Les vignobles de ces pays sont confront\u00e9s \u00e0 une augmentation drastique de la fr\u00e9quence et de l\u2019intensit\u00e9 des gel\u00e9es printani\u00e8res, de la gr\u00eale, de l\u2019exposition excessive au soleil et des pluies intenses ou abondantes dues aux changements climatiques. Face \u00e0 ces al\u00e9as climatiques qui affectent le rendement et la qualit\u00e9 de la vigne et du vin, les vignerons recherchent des m\u00e9thodes efficaces pour prot\u00e9ger les cultures. <\/p>\n\n\n\n<p>Dans ce contexte, le projet LIFE VinoShield vise \u00e0 apporter des r\u00e9ponses \u00e0 ces enjeux, sur la base des donn\u00e9es suivantes.<\/p>\n<\/div>\n\n\n\n<div class=\"wp-block-column is-layout-flow wp-block-column-is-layout-flow\" style=\"flex-basis:66.66%\">\n<div class=\"wp-block-columns is-layout-flex wp-container-core-columns-is-layout-9d6595d7 wp-block-columns-is-layout-flex\">\n<div class=\"wp-block-column is-layout-flow wp-block-column-is-layout-flow\"><div class=\"no-anim\">\r\n    <div class=\"feat anim-wr feat-top\">\r\n        <div class=\"feat-ico anim1\">\r\n            <img decoding=\"async\" loading=\"lazy\" src=\"https:\/\/vinoshield.texinov.com\/wp-content\/uploads\/2025\/02\/vinoshield-icons_month-project.png\" alt=\"vinoshield-icons_month-project\" class=\"no-zoom\" width=\"100\" height=\"100\" \/>        <\/div>\r\n\r\n        <div class=\"feat-in\">\r\n            <h4 class=\"anim2\">52 mois<\/h4><div class=\"anim3\"><div class=\"content\"><p>de projet \u00e0 partir de Septembre 2024<\/p>\n<\/div><\/div>        <\/div>\r\n    <\/div>\r\n<\/div>\r\n\n\n\n<div style=\"height:40px\" aria-hidden=\"true\" class=\"wp-block-spacer\"><\/div>\n\n\n<div class=\"no-anim\">\r\n    <div class=\"feat anim-wr feat-top\">\r\n        <div class=\"feat-ico anim1\">\r\n            <img decoding=\"async\" loading=\"lazy\" src=\"https:\/\/vinoshield.texinov.com\/wp-content\/uploads\/2025\/02\/vinoshield-icons_budget.png\" alt=\"vinoshield-icons_budget\" class=\"no-zoom\" width=\"100\" height=\"100\" \/>        <\/div>\r\n\r\n        <div class=\"feat-in\">\r\n            <h4 class=\"anim2\">4.1 million d&#039;euros <\/h4><div class=\"anim3\"><div class=\"content\"><p>de budget<\/p>\n<\/div><\/div>        <\/div>\r\n    <\/div>\r\n<\/div>\r\n<\/div>\n\n\n\n<div class=\"wp-block-column is-layout-flow wp-block-column-is-layout-flow\"><div class=\"no-anim\">\r\n    <div class=\"feat anim-wr feat-top\">\r\n        <div class=\"feat-ico anim1\">\r\n            <img decoding=\"async\" loading=\"lazy\" src=\"https:\/\/vinoshield.texinov.com\/wp-content\/uploads\/2025\/02\/vinoshield-icons_partners.png\" alt=\"vinoshield-icons_partners\" class=\"no-zoom\" width=\"100\" height=\"100\" \/>        <\/div>\r\n\r\n        <div class=\"feat-in\">\r\n            <h4 class=\"anim2\">7 partenaires<\/h4><div class=\"anim3\"><div class=\"content\"><p>impliqu\u00e9s dans le projet<\/p>\n<\/div><\/div>        <\/div>\r\n    <\/div>\r\n<\/div>\r\n\n\n\n<div style=\"height:40px\" aria-hidden=\"true\" class=\"wp-block-spacer\"><\/div>\n\n\n<div class=\"no-anim\">\r\n    <div class=\"feat anim-wr feat-top\">\r\n        <div class=\"feat-ico anim1\">\r\n            <img decoding=\"async\" loading=\"lazy\" src=\"https:\/\/vinoshield.texinov.com\/wp-content\/uploads\/2025\/02\/vinoshield-icons_vineyards.png\" alt=\"vinoshield-icons_vineyards\" class=\"no-zoom\" width=\"100\" height=\"100\" \/>        <\/div>\r\n\r\n        <div class=\"feat-in\">\r\n            <h4 class=\"anim2\">9 vignobles<\/h4><div class=\"anim3\"><div class=\"content\"><p>\u00e9quip\u00e9s d\u2019installations tests dans 3 pays (Espagne, France et Italie)<\/p>\n<\/div><\/div>        <\/div>\r\n    <\/div>\r\n<\/div>\r\n<\/div>\n<\/div>\n<\/div>\n<\/div>\n\n\n\n<div style=\"height:60px\" aria-hidden=\"true\" class=\"wp-block-spacer\"><\/div>\n\n\n\n<div class=\"wp-block-columns is-layout-flex wp-container-core-columns-is-layout-9d6595d7 wp-block-columns-is-layout-flex\">\n<div class=\"wp-block-column is-layout-flow wp-block-column-is-layout-flow\"><div class=\"posts-list-widget\">\r\n    <h2 class=\"mb-4\">Actualit\u00e9s<\/h2>\r\n                <div class=\"row mb-4\">\r\n                <div class=\"col-md-5\">\r\n                    <a href=\"https:\/\/vinoshield.texinov.com\/fr\/life-vinoshield-essais-bio-source-materiau\/\">\r\n                        <figure class=\"post-pic\">\r\n                            <img loading=\"lazy\" decoding=\"async\" width=\"300\" height=\"212\" src=\"https:\/\/vinoshield.texinov.com\/wp-content\/uploads\/2026\/04\/Materiau_biosource_PLA_Texinov_Futerro-300x212.webp\" class=\"attachment-medium size-medium wp-post-image\" alt=\"\" srcset=\"https:\/\/vinoshield.texinov.com\/wp-content\/uploads\/2026\/04\/Materiau_biosource_PLA_Texinov_Futerro-300x212.webp 300w, https:\/\/vinoshield.texinov.com\/wp-content\/uploads\/2026\/04\/Materiau_biosource_PLA_Texinov_Futerro-1024x722.webp 1024w, https:\/\/vinoshield.texinov.com\/wp-content\/uploads\/2026\/04\/Materiau_biosource_PLA_Texinov_Futerro-768x542.webp 768w, https:\/\/vinoshield.texinov.com\/wp-content\/uploads\/2026\/04\/Materiau_biosource_PLA_Texinov_Futerro-1536x1083.webp 1536w, https:\/\/vinoshield.texinov.com\/wp-content\/uploads\/2026\/04\/Materiau_biosource_PLA_Texinov_Futerro-1531x1080.webp 1531w, https:\/\/vinoshield.texinov.com\/wp-content\/uploads\/2026\/04\/Materiau_biosource_PLA_Texinov_Futerro.webp 1900w\" sizes=\"auto, (max-width: 300px) 100vw, 300px\" \/>                        <\/figure>\r\n                    <\/a>\r\n\r\n                    <div class=\"post-meta-wr\">\r\n    <\/div>                <\/div>\r\n                <div class=\"col-md-7\">\r\n                    <a href=\"https:\/\/vinoshield.texinov.com\/fr\/life-vinoshield-essais-bio-source-materiau\/\">\r\n                        <h3>Point d&#039;\u00e9tape sur les essais de mat\u00e9riaux biosourc\u00e9s<\/h3>\r\n                    <\/a>\r\n                    <p>Dans le cadre du projet europ\u00e9en LIFE VINOSHIELD, une s\u00e9rie de tests a \u00e9t\u00e9 conduite entre juillet et novembre 2025 [&hellip;]<\/p>\r\n                    <a href=\"https:\/\/vinoshield.texinov.com\/fr\/life-vinoshield-essais-bio-source-materiau\/\" class=\"link link-main no-i\">En savoir plus<\/a>                <\/div>\r\n            <\/div>\r\n                        <div class=\"row mb-4\">\r\n                <div class=\"col-md-5\">\r\n                    <a href=\"https:\/\/vinoshield.texinov.com\/fr\/presentation-at-rencontres-viticoles-daquitaine-2026\/\">\r\n                        <figure class=\"post-pic\">\r\n                            <img loading=\"lazy\" decoding=\"async\" width=\"300\" height=\"198\" src=\"https:\/\/vinoshield.texinov.com\/wp-content\/uploads\/2026\/03\/IFVPhoto-300x198.jpg\" class=\"attachment-medium size-medium wp-post-image\" alt=\"\" srcset=\"https:\/\/vinoshield.texinov.com\/wp-content\/uploads\/2026\/03\/IFVPhoto-300x198.jpg 300w, https:\/\/vinoshield.texinov.com\/wp-content\/uploads\/2026\/03\/IFVPhoto.jpg 735w\" sizes=\"auto, (max-width: 300px) 100vw, 300px\" \/>                        <\/figure>\r\n                    <\/a>\r\n\r\n                    <div class=\"post-meta-wr\">\r\n    <\/div>                <\/div>\r\n                <div class=\"col-md-7\">\r\n                    <a href=\"https:\/\/vinoshield.texinov.com\/fr\/presentation-at-rencontres-viticoles-daquitaine-2026\/\">\r\n                        <h3>Intervention aux Rencontres Viticoles d\u2019Aquitaine 2026<\/h3>\r\n                    <\/a>\r\n                    <p>Blanquefort, France | 4 F\u00e9vrier, 2026 Le projet LIFE VINOSHIELD continue de partager ses avanc\u00e9es techniques aupr\u00e8s des professionnels de [&hellip;]<\/p>\r\n                    <a href=\"https:\/\/vinoshield.texinov.com\/fr\/presentation-at-rencontres-viticoles-daquitaine-2026\/\" class=\"link link-main no-i\">En savoir plus<\/a>                <\/div>\r\n            <\/div>\r\n                        <div class=\"row mb-4\">\r\n                <div class=\"col-md-5\">\r\n                    <a href=\"https:\/\/vinoshield.texinov.com\/fr\/global-success-for-the-first-life-vinoshield-webinar\/\">\r\n                        <figure class=\"post-pic\">\r\n                            <img loading=\"lazy\" decoding=\"async\" width=\"300\" height=\"80\" src=\"https:\/\/vinoshield.texinov.com\/wp-content\/uploads\/2025\/02\/VinoShield_Hail-Net_installation-2-300x80.jpg\" class=\"attachment-medium size-medium wp-post-image\" alt=\"\" srcset=\"https:\/\/vinoshield.texinov.com\/wp-content\/uploads\/2025\/02\/VinoShield_Hail-Net_installation-2-300x80.jpg 300w, https:\/\/vinoshield.texinov.com\/wp-content\/uploads\/2025\/02\/VinoShield_Hail-Net_installation-2-1024x272.jpg 1024w, https:\/\/vinoshield.texinov.com\/wp-content\/uploads\/2025\/02\/VinoShield_Hail-Net_installation-2-768x204.jpg 768w, https:\/\/vinoshield.texinov.com\/wp-content\/uploads\/2025\/02\/VinoShield_Hail-Net_installation-2-1536x408.jpg 1536w, https:\/\/vinoshield.texinov.com\/wp-content\/uploads\/2025\/02\/VinoShield_Hail-Net_installation-2-1920x510.jpg 1920w, https:\/\/vinoshield.texinov.com\/wp-content\/uploads\/2025\/02\/VinoShield_Hail-Net_installation-2.jpg 2000w\" sizes=\"auto, (max-width: 300px) 100vw, 300px\" \/>                        <\/figure>\r\n                    <\/a>\r\n\r\n                    <div class=\"post-meta-wr\">\r\n    <\/div>                <\/div>\r\n                <div class=\"col-md-7\">\r\n                    <a href=\"https:\/\/vinoshield.texinov.com\/fr\/global-success-for-the-first-life-vinoshield-webinar\/\">\r\n                        <h3>Succ\u00e8s pour le premier webinaire LIFE VINOSHIELD<\/h3>\r\n                    <\/a>\r\n                    <p>Online | 10 D\u00e9cembre 2025 Le projet LIFE VINOSHIELD a franchi une \u00e9tape majeure ce mois-ci avec la tenue r\u00e9ussie [&hellip;]<\/p>\r\n                    <a href=\"https:\/\/vinoshield.texinov.com\/fr\/global-success-for-the-first-life-vinoshield-webinar\/\" class=\"link link-main no-i\">En savoir plus<\/a>                <\/div>\r\n            <\/div>\r\n                        <div class=\"front-btn\">\r\n                <a href=\"https:\/\/vinoshield.texinov.com\/fr\/news\/\" class=\"btn btn-main\">Toute l&#039;actualit\u00e9<\/a>            <\/div>\r\n            <\/div><\/div>\n\n\n\n<div class=\"wp-block-column is-layout-flow wp-block-column-is-layout-flow\">\n<figure class=\"wp-block-image size-full\"><img loading=\"lazy\" decoding=\"async\" width=\"768\" height=\"657\" src=\"https:\/\/vinoshield.texinov.com\/wp-content\/uploads\/2025\/02\/VinoShield_Sun-Protection_Vine.jpg\" alt=\"\" class=\"wp-image-84\" srcset=\"https:\/\/vinoshield.texinov.com\/wp-content\/uploads\/2025\/02\/VinoShield_Sun-Protection_Vine.jpg 768w, https:\/\/vinoshield.texinov.com\/wp-content\/uploads\/2025\/02\/VinoShield_Sun-Protection_Vine-300x257.jpg 300w\" sizes=\"auto, (max-width: 768px) 100vw, 768px\" \/><\/figure>\n<\/div>\n<\/div>\n\n\n\n<div style=\"height:60px\" aria-hidden=\"true\" class=\"wp-block-spacer\"><\/div>\n\n\n\n<h2 class=\"wp-block-heading has-text-align-center\">Qu&rsquo;est-ce que le programme europ\u00e9en LIFE ?<\/h2>\n\n\n\n<div class=\"wp-block-columns is-layout-flex wp-container-core-columns-is-layout-9d6595d7 wp-block-columns-is-layout-flex\">\n<div class=\"wp-block-column is-layout-flow wp-block-column-is-layout-flow\"><\/div>\n\n\n\n<div class=\"wp-block-column is-layout-flow wp-block-column-is-layout-flow\" style=\"flex-basis:50%\">\n<hr class=\"wp-block-separator has-text-color has-theme-color-4-b-9-e-56-color has-alpha-channel-opacity has-theme-color-4-b-9-e-56-background-color has-background\"\/>\n\n\n\n<div style=\"height:32px\" aria-hidden=\"true\" class=\"wp-block-spacer\"><\/div>\n\n\n\n<p class=\"has-text-align-center\"><strong>Le programme LIFE est le programme de l&rsquo;UE pour l&rsquo;environnement et le climat. Le projet VINOSHIELD fait partie du sous-programme \u00ab Att\u00e9nuation et adaptation au changement climatique \u00bb du programme LIFE, contribuant aux objectifs du Pacte vert pour l\u2019Europe.<\/strong><\/p>\n<\/div>\n\n\n\n<div class=\"wp-block-column is-layout-flow wp-block-column-is-layout-flow\"><\/div>\n<\/div>\n\n\n\n<div style=\"height:32px\" aria-hidden=\"true\" class=\"wp-block-spacer\"><\/div>\n\n\n\n<div class=\"wp-block-columns is-layout-flex wp-container-core-columns-is-layout-9d6595d7 wp-block-columns-is-layout-flex\">\n<div class=\"wp-block-column is-layout-flow wp-block-column-is-layout-flow\">\n<p>Cette initiative vise \u00e0 transformer l&rsquo;UE en une soci\u00e9t\u00e9 juste et prosp\u00e8re dot\u00e9e d&rsquo;une \u00e9conomie comp\u00e9titive et \u00e9conome en ressources, visant z\u00e9ro \u00e9mission nette de gaz \u00e0 effet de serre d&rsquo;ici 2050.<\/p>\n\n\n\n<p>Elle se concentre \u00e9galement sur la protection du capital naturel de l&rsquo;UE et sur l&rsquo;am\u00e9lioration de la sant\u00e9 et du bien-\u00eatre des citoyens en att\u00e9nuant les risques environnementaux et li\u00e9s au climat.<\/p>\n\n\n\n<div class=\"wp-block-group is-nowrap is-layout-flex wp-container-core-group-is-layout-ad2f72ca wp-block-group-is-layout-flex\">\n<figure class=\"wp-block-image aligncenter size-full wp-container-content-1387b69e\"><img loading=\"lazy\" decoding=\"async\" width=\"100\" height=\"105\" src=\"https:\/\/vinoshield.texinov.com\/wp-content\/uploads\/2025\/02\/LIFE_Program_European_Union.jpg\" alt=\"\" class=\"wp-image-81\"\/><\/figure>\n\n\n\n<div class=\"wp-block-buttons is-content-justification-center is-layout-flex wp-container-core-buttons-is-layout-16018d1d wp-block-buttons-is-layout-flex\">\n<div class=\"wp-block-button\"><a class=\"wp-block-button__link has-theme-color-4-b-9-e-56-background-color has-background wp-element-button\" href=\"https:\/\/cinea.ec.europa.eu\/programmes\/life_en\" target=\"_blank\" rel=\"noreferrer noopener\">En savoir plus<\/a><\/div>\n<\/div>\n<\/div>\n<\/div>\n\n\n\n<div class=\"wp-block-column is-layout-flow wp-block-column-is-layout-flow\">\n<p>Le programme LIFE soutient ces objectifs \u00e0 travers ses quatre sous-programmes, notamment :<\/p>\n\n\n\n<ul class=\"wp-block-list\">\n<li>Environnement<ul><li>Nature et Biodiversit\u00e9<\/li><\/ul>\n<ul class=\"wp-block-list\">\n<li>\u00c9conomie circulaire et qualit\u00e9 de vie<\/li>\n<\/ul>\n<\/li>\n\n\n\n<li>Actions sur le Climat<ul><li>Att\u00e9nuation et adaptation au changement climatique<\/li><\/ul>\n<ul class=\"wp-block-list\">\n<li>Transition \u00e9nerg\u00e9tique propre<\/li>\n<\/ul>\n<\/li>\n<\/ul>\n<\/div>\n\n\n\n<div class=\"wp-block-column is-layout-flow wp-block-column-is-layout-flow\">\n<p>Le sous-programme \u00ab&nbsp;Att\u00e9nuation et adaptation au changement climatique&nbsp;\u00bb vise sp\u00e9cifiquement le d\u00e9veloppement et la promotion de solutions innovantes pour atteindre les objectifs climatiques de l&rsquo;UE.<\/p>\n\n\n\n<p>Il soutient la mise en \u0153uvre des politiques climatiques de l\u2019UE en am\u00e9liorant la gouvernancqualit\u00e9 de vie Action pour le climae, en encourageant la collaboration public-priv\u00e9 et en catalysant le d\u00e9ploiement \u00e0 grande \u00e9chelle de solutions efficaces. Ce sous-programme joue un r\u00f4le cl\u00e9 dans la transformation de l&rsquo;UE vers une soci\u00e9t\u00e9 neutre pour le climat et r\u00e9siliente.<\/p>\n<\/div>\n<\/div>\n\n\n\n<div style=\"height:42px\" aria-hidden=\"true\" class=\"wp-block-spacer\"><\/div>\n\n\n\n<figure class=\"wp-block-image alignfull size-full\"><img loading=\"lazy\" decoding=\"async\" width=\"2000\" height=\"718\" src=\"https:\/\/vinoshield.texinov.com\/wp-content\/uploads\/2025\/02\/VinoSiheld-Vine-Yield.jpg\" alt=\"\" class=\"wp-image-72\" srcset=\"https:\/\/vinoshield.texinov.com\/wp-content\/uploads\/2025\/02\/VinoSiheld-Vine-Yield.jpg 2000w, https:\/\/vinoshield.texinov.com\/wp-content\/uploads\/2025\/02\/VinoSiheld-Vine-Yield-300x108.jpg 300w, https:\/\/vinoshield.texinov.com\/wp-content\/uploads\/2025\/02\/VinoSiheld-Vine-Yield-1024x368.jpg 1024w, https:\/\/vinoshield.texinov.com\/wp-content\/uploads\/2025\/02\/VinoSiheld-Vine-Yield-768x276.jpg 768w, https:\/\/vinoshield.texinov.com\/wp-content\/uploads\/2025\/02\/VinoSiheld-Vine-Yield-1536x551.jpg 1536w, https:\/\/vinoshield.texinov.com\/wp-content\/uploads\/2025\/02\/VinoSiheld-Vine-Yield-1920x689.jpg 1920w\" sizes=\"auto, (max-width: 2000px) 100vw, 2000px\" \/><\/figure>\n\n\n\n<p><\/p>\n","protected":false},"excerpt":{"rendered":"<p>Chiffres cl\u00e9s du projet L&rsquo;Union Europ\u00e9enne est le premier producteur, consommateur et exportateur de vins, avec les 3\/4 des superficies [&hellip;]<\/p>\n","protected":false},"author":1,"featured_media":0,"parent":0,"menu_order":0,"comment_status":"closed","ping_status":"closed","template":"page-front.php","meta":{"_acf_changed":false,"footnotes":""},"class_list":["post-352","page","type-page","status-publish","hentry"],"yoast_head":"<!-- This site is optimized with the Yoast SEO plugin v27.5 - https:\/\/yoast.com\/product\/yoast-seo-wordpress\/ -->\n<title>Accueil - Vinoshield<\/title>\n<meta name=\"robots\" content=\"index, follow, max-snippet:-1, max-image-preview:large, max-video-preview:-1\" \/>\n<link rel=\"canonical\" href=\"https:\/\/vinoshield.texinov.com\/fr\/\" \/>\n<meta property=\"og:locale\" content=\"fr_FR\" \/>\n<meta property=\"og:type\" content=\"article\" \/>\n<meta property=\"og:title\" content=\"Accueil - Vinoshield\" \/>\n<meta property=\"og:description\" content=\"Chiffres cl\u00e9s du projet L&rsquo;Union Europ\u00e9enne est le premier producteur, consommateur et exportateur de vins, avec les 3\/4 des superficies [&hellip;]\" \/>\n<meta property=\"og:url\" content=\"https:\/\/vinoshield.texinov.com\/fr\/\" \/>\n<meta property=\"og:site_name\" content=\"Vinoshield\" \/>\n<meta property=\"article:modified_time\" content=\"2025-03-11T08:30:45+00:00\" \/>\n<meta property=\"og:image\" content=\"https:\/\/vinoshield.texinov.com\/wp-content\/uploads\/2025\/02\/VinoShield_Sun-Protection_Vine.jpg\" \/>\n<meta name=\"twitter:card\" content=\"summary_large_image\" \/>\n<meta name=\"twitter:label1\" content=\"Dur\u00e9e de lecture estim\u00e9e\" \/>\n\t<meta name=\"twitter:data1\" content=\"3 minutes\" \/>\n<script type=\"application\/ld+json\" class=\"yoast-schema-graph\">{\"@context\":\"https:\\\/\\\/schema.org\",\"@graph\":[{\"@type\":\"WebPage\",\"@id\":\"https:\\\/\\\/vinoshield.texinov.com\\\/fr\\\/\",\"url\":\"https:\\\/\\\/vinoshield.texinov.com\\\/fr\\\/\",\"name\":\"Accueil - Vinoshield\",\"isPartOf\":{\"@id\":\"https:\\\/\\\/vinoshield.texinov.com\\\/fr\\\/#website\"},\"primaryImageOfPage\":{\"@id\":\"https:\\\/\\\/vinoshield.texinov.com\\\/fr\\\/#primaryimage\"},\"image\":{\"@id\":\"https:\\\/\\\/vinoshield.texinov.com\\\/fr\\\/#primaryimage\"},\"thumbnailUrl\":\"https:\\\/\\\/vinoshield.texinov.com\\\/wp-content\\\/uploads\\\/2025\\\/02\\\/VinoShield_Sun-Protection_Vine.jpg\",\"datePublished\":\"2025-02-06T09:39:34+00:00\",\"dateModified\":\"2025-03-11T08:30:45+00:00\",\"breadcrumb\":{\"@id\":\"https:\\\/\\\/vinoshield.texinov.com\\\/fr\\\/#breadcrumb\"},\"inLanguage\":\"fr-FR\",\"potentialAction\":[{\"@type\":\"ReadAction\",\"target\":[\"https:\\\/\\\/vinoshield.texinov.com\\\/fr\\\/\"]}]},{\"@type\":\"ImageObject\",\"inLanguage\":\"fr-FR\",\"@id\":\"https:\\\/\\\/vinoshield.texinov.com\\\/fr\\\/#primaryimage\",\"url\":\"https:\\\/\\\/vinoshield.texinov.com\\\/wp-content\\\/uploads\\\/2025\\\/02\\\/VinoShield_Sun-Protection_Vine.jpg\",\"contentUrl\":\"https:\\\/\\\/vinoshield.texinov.com\\\/wp-content\\\/uploads\\\/2025\\\/02\\\/VinoShield_Sun-Protection_Vine.jpg\"},{\"@type\":\"BreadcrumbList\",\"@id\":\"https:\\\/\\\/vinoshield.texinov.com\\\/fr\\\/#breadcrumb\",\"itemListElement\":[{\"@type\":\"ListItem\",\"position\":1,\"name\":\"Accueil\",\"item\":\"https:\\\/\\\/vinoshield.texinov.com\\\/fr\\\/\"},{\"@type\":\"ListItem\",\"position\":2,\"name\":\"Accueil\"}]},{\"@type\":\"WebSite\",\"@id\":\"https:\\\/\\\/vinoshield.texinov.com\\\/fr\\\/#website\",\"url\":\"https:\\\/\\\/vinoshield.texinov.com\\\/fr\\\/\",\"name\":\"Vinoshield\",\"description\":\"\",\"publisher\":{\"@id\":\"https:\\\/\\\/vinoshield.texinov.com\\\/fr\\\/#organization\"},\"potentialAction\":[{\"@type\":\"SearchAction\",\"target\":{\"@type\":\"EntryPoint\",\"urlTemplate\":\"https:\\\/\\\/vinoshield.texinov.com\\\/fr\\\/?s={search_term_string}\"},\"query-input\":{\"@type\":\"PropertyValueSpecification\",\"valueRequired\":true,\"valueName\":\"search_term_string\"}}],\"inLanguage\":\"fr-FR\"},{\"@type\":\"Organization\",\"@id\":\"https:\\\/\\\/vinoshield.texinov.com\\\/fr\\\/#organization\",\"name\":\"Vinoshield\",\"url\":\"https:\\\/\\\/vinoshield.texinov.com\\\/fr\\\/\",\"logo\":{\"@type\":\"ImageObject\",\"inLanguage\":\"fr-FR\",\"@id\":\"https:\\\/\\\/vinoshield.texinov.com\\\/fr\\\/#\\\/schema\\\/logo\\\/image\\\/\",\"url\":\"https:\\\/\\\/vinoshield.texinov.com\\\/wp-content\\\/uploads\\\/2025\\\/02\\\/vinoshield-logo-couleur-life.png\",\"contentUrl\":\"https:\\\/\\\/vinoshield.texinov.com\\\/wp-content\\\/uploads\\\/2025\\\/02\\\/vinoshield-logo-couleur-life.png\",\"width\":500,\"height\":117,\"caption\":\"Vinoshield\"},\"image\":{\"@id\":\"https:\\\/\\\/vinoshield.texinov.com\\\/fr\\\/#\\\/schema\\\/logo\\\/image\\\/\"}}]}<\/script>\n<!-- \/ Yoast SEO plugin. -->","yoast_head_json":{"title":"Accueil - Vinoshield","robots":{"index":"index","follow":"follow","max-snippet":"max-snippet:-1","max-image-preview":"max-image-preview:large","max-video-preview":"max-video-preview:-1"},"canonical":"https:\/\/vinoshield.texinov.com\/fr\/","og_locale":"fr_FR","og_type":"article","og_title":"Accueil - Vinoshield","og_description":"Chiffres cl\u00e9s du projet L&rsquo;Union Europ\u00e9enne est le premier producteur, consommateur et exportateur de vins, avec les 3\/4 des superficies [&hellip;]","og_url":"https:\/\/vinoshield.texinov.com\/fr\/","og_site_name":"Vinoshield","article_modified_time":"2025-03-11T08:30:45+00:00","og_image":[{"url":"https:\/\/vinoshield.texinov.com\/wp-content\/uploads\/2025\/02\/VinoShield_Sun-Protection_Vine.jpg","type":"","width":"","height":""}],"twitter_card":"summary_large_image","twitter_misc":{"Dur\u00e9e de lecture estim\u00e9e":"3 minutes"},"schema":{"@context":"https:\/\/schema.org","@graph":[{"@type":"WebPage","@id":"https:\/\/vinoshield.texinov.com\/fr\/","url":"https:\/\/vinoshield.texinov.com\/fr\/","name":"Accueil - Vinoshield","isPartOf":{"@id":"https:\/\/vinoshield.texinov.com\/fr\/#website"},"primaryImageOfPage":{"@id":"https:\/\/vinoshield.texinov.com\/fr\/#primaryimage"},"image":{"@id":"https:\/\/vinoshield.texinov.com\/fr\/#primaryimage"},"thumbnailUrl":"https:\/\/vinoshield.texinov.com\/wp-content\/uploads\/2025\/02\/VinoShield_Sun-Protection_Vine.jpg","datePublished":"2025-02-06T09:39:34+00:00","dateModified":"2025-03-11T08:30:45+00:00","breadcrumb":{"@id":"https:\/\/vinoshield.texinov.com\/fr\/#breadcrumb"},"inLanguage":"fr-FR","potentialAction":[{"@type":"ReadAction","target":["https:\/\/vinoshield.texinov.com\/fr\/"]}]},{"@type":"ImageObject","inLanguage":"fr-FR","@id":"https:\/\/vinoshield.texinov.com\/fr\/#primaryimage","url":"https:\/\/vinoshield.texinov.com\/wp-content\/uploads\/2025\/02\/VinoShield_Sun-Protection_Vine.jpg","contentUrl":"https:\/\/vinoshield.texinov.com\/wp-content\/uploads\/2025\/02\/VinoShield_Sun-Protection_Vine.jpg"},{"@type":"BreadcrumbList","@id":"https:\/\/vinoshield.texinov.com\/fr\/#breadcrumb","itemListElement":[{"@type":"ListItem","position":1,"name":"Accueil","item":"https:\/\/vinoshield.texinov.com\/fr\/"},{"@type":"ListItem","position":2,"name":"Accueil"}]},{"@type":"WebSite","@id":"https:\/\/vinoshield.texinov.com\/fr\/#website","url":"https:\/\/vinoshield.texinov.com\/fr\/","name":"Vinoshield","description":"","publisher":{"@id":"https:\/\/vinoshield.texinov.com\/fr\/#organization"},"potentialAction":[{"@type":"SearchAction","target":{"@type":"EntryPoint","urlTemplate":"https:\/\/vinoshield.texinov.com\/fr\/?s={search_term_string}"},"query-input":{"@type":"PropertyValueSpecification","valueRequired":true,"valueName":"search_term_string"}}],"inLanguage":"fr-FR"},{"@type":"Organization","@id":"https:\/\/vinoshield.texinov.com\/fr\/#organization","name":"Vinoshield","url":"https:\/\/vinoshield.texinov.com\/fr\/","logo":{"@type":"ImageObject","inLanguage":"fr-FR","@id":"https:\/\/vinoshield.texinov.com\/fr\/#\/schema\/logo\/image\/","url":"https:\/\/vinoshield.texinov.com\/wp-content\/uploads\/2025\/02\/vinoshield-logo-couleur-life.png","contentUrl":"https:\/\/vinoshield.texinov.com\/wp-content\/uploads\/2025\/02\/vinoshield-logo-couleur-life.png","width":500,"height":117,"caption":"Vinoshield"},"image":{"@id":"https:\/\/vinoshield.texinov.com\/fr\/#\/schema\/logo\/image\/"}}]}},"acf":[],"_links":{"self":[{"href":"https:\/\/vinoshield.texinov.com\/fr\/wp-json\/wp\/v2\/pages\/352","targetHints":{"allow":["GET"]}}],"collection":[{"href":"https:\/\/vinoshield.texinov.com\/fr\/wp-json\/wp\/v2\/pages"}],"about":[{"href":"https:\/\/vinoshield.texinov.com\/fr\/wp-json\/wp\/v2\/types\/page"}],"author":[{"embeddable":true,"href":"https:\/\/vinoshield.texinov.com\/fr\/wp-json\/wp\/v2\/users\/1"}],"replies":[{"embeddable":true,"href":"https:\/\/vinoshield.texinov.com\/fr\/wp-json\/wp\/v2\/comments?post=352"}],"version-history":[{"count":1,"href":"https:\/\/vinoshield.texinov.com\/fr\/wp-json\/wp\/v2\/pages\/352\/revisions"}],"predecessor-version":[{"id":354,"href":"https:\/\/vinoshield.texinov.com\/fr\/wp-json\/wp\/v2\/pages\/352\/revisions\/354"}],"wp:attachment":[{"href":"https:\/\/vinoshield.texinov.com\/fr\/wp-json\/wp\/v2\/media?parent=352"}],"curies":[{"name":"wp","href":"https:\/\/api.w.org\/{rel}","templated":true}]}}